{"id":170,"date":"2025-06-06T00:02:18","date_gmt":"2025-06-05T22:02:18","guid":{"rendered":"https:\/\/egenius.tech\/?page_id=170"},"modified":"2025-06-06T00:31:40","modified_gmt":"2025-06-05T22:31:40","slug":"mentions-legales","status":"publish","type":"page","link":"https:\/\/egenius.tech\/?page_id=170","title":{"rendered":"Mentions L\u00e9gales"},"content":{"rendered":"\n<div class=\"wp-block-group alignfull has-tertiary-background-color has-background is-layout-flow wp-block-group-is-layout-flow\" style=\"min-height:200px;margin-top:0;margin-bottom:0;padding-right:0;padding-left:0\">\n<figure class=\"wp-block-image aligncenter size-large is-resized\" style=\"margin-top:var(--wp--preset--spacing--40);margin-bottom:0\"><a href=\"https:\/\/egenius.tech\/\"><img loading=\"lazy\" decoding=\"async\" width=\"1024\" height=\"1024\" src=\"https:\/\/egenius.tech\/wp-content\/uploads\/2025\/01\/Plan-de-travail-1-copie-5-e1736120874676-1024x1024.png\" alt=\"\" class=\"wp-image-16\" style=\"width:117px;height:auto\" srcset=\"https:\/\/egenius.tech\/wp-content\/uploads\/2025\/01\/Plan-de-travail-1-copie-5-e1736120874676-1024x1024.png 1024w, https:\/\/egenius.tech\/wp-content\/uploads\/2025\/01\/Plan-de-travail-1-copie-5-e1736120874676-300x300.png 300w, https:\/\/egenius.tech\/wp-content\/uploads\/2025\/01\/Plan-de-travail-1-copie-5-e1736120874676-150x150.png 150w, https:\/\/egenius.tech\/wp-content\/uploads\/2025\/01\/Plan-de-travail-1-copie-5-e1736120874676-768x768.png 768w, https:\/\/egenius.tech\/wp-content\/uploads\/2025\/01\/Plan-de-travail-1-copie-5-e1736120874676.png 1177w\" sizes=\"auto, (max-width: 1024px) 100vw, 1024px\" \/><\/a><\/figure>\n<\/div>\n\n\n\n<h5 class=\"wp-block-heading\">Mentions l\u00e9gales<\/h5>\n\n\n\n<p><strong>Conform\u00e9ment aux dispositions des articles 6-III et 19 de la Loi n\u00b02004-575 du 21 juin 2004 pour la Confiance dans l&rsquo;\u00e9conomie num\u00e9rique (LCEN), il est port\u00e9 \u00e0 la connaissance des utilisateurs du site les pr\u00e9sentes mentions l\u00e9gales.<\/strong><\/p>\n\n\n\n<hr class=\"wp-block-separator has-alpha-channel-opacity\"\/>\n\n\n\n<h5 class=\"wp-block-heading\">1. \u00c9diteur du site<\/h5>\n\n\n\n<p>Le pr\u00e9sent site est \u00e9dit\u00e9 par :<br><strong>EGENIUS<\/strong><br><strong>Forme juridique<\/strong> :<br><strong>Capital social<\/strong> :<br><strong>Si\u00e8ge social<\/strong> :<br><strong>Num\u00e9ro SIRET<\/strong> :<br><strong>RCS<\/strong> :<br><strong>Num\u00e9ro TVA intracommunautaire<\/strong> :<br><strong>Responsable de publication<\/strong> :<br><strong>Adresse e-mail<\/strong> : <strong><a>contact@egenius.fr<\/a><\/strong><br><strong>T\u00e9l\u00e9phone<\/strong> :<\/p>\n\n\n\n<hr class=\"wp-block-separator has-alpha-channel-opacity\"\/>\n\n\n\n<h5 class=\"wp-block-heading\">2. H\u00e9bergement<\/h5>\n\n\n\n<p>Le site est h\u00e9berg\u00e9 par :<br><strong>OVH SAS<\/strong><br>2 rue Kellermann \u2013 59100 Roubaix \u2013 France<br>T\u00e9l : 1007<br>Site : <a class=\"\" href=\"https:\/\/www.ovhcloud.com\">www.ovhcloud.com<\/a><\/p>\n\n\n\n<hr class=\"wp-block-separator has-alpha-channel-opacity\"\/>\n\n\n\n<h5 class=\"wp-block-heading\">3. Activit\u00e9<\/h5>\n\n\n\n<p><strong>EGENIUS<\/strong> propose les services suivants :<\/p>\n\n\n\n<ul class=\"wp-block-list\">\n<li>R\u00e9paration de v\u00e9hicules toutes marques<\/li>\n\n\n\n<li>Entretien et r\u00e9vision<\/li>\n\n\n\n<li>Diagnostic \u00e9lectronique<\/li>\n\n\n\n<li>Changement de pneus, freins, embrayage<\/li>\n\n\n\n<li>Autres services de m\u00e9canique automobile<\/li>\n<\/ul>\n\n\n\n<p><strong>Code APE<\/strong> : 4520A &#8211; Entretien et r\u00e9paration de v\u00e9hicules automobiles l\u00e9gers (\u00e0 v\u00e9rifier)<br><strong>Assurance professionnelle<\/strong> :<br><strong>N\u00b0 de contrat <\/strong>:<\/p>\n\n\n\n<hr class=\"wp-block-separator has-alpha-channel-opacity\"\/>\n\n\n\n<h5 class=\"wp-block-heading\">4. Propri\u00e9t\u00e9 intellectuelle<\/h5>\n\n\n\n<p>L\u2019ensemble du contenu du site (textes, images, logo, etc.) est la propri\u00e9t\u00e9 exclusive de <strong>EGENIUS<\/strong>, sauf mention contraire.<br>Toute reproduction, distribution, modification, adaptation, retransmission ou publication, m\u00eame partielle, est strictement interdite sans l\u2019accord \u00e9crit pr\u00e9alable de <strong>EGENIUS<\/strong>.<\/p>\n\n\n\n<hr class=\"wp-block-separator has-alpha-channel-opacity\"\/>\n\n\n\n<h5 class=\"wp-block-heading\">5. Donn\u00e9es personnelles et cookies<\/h5>\n\n\n\n<p><strong>Donn\u00e9es personnelles<\/strong> :<br>Les informations recueillies via les formulaires (contact, demande de devis&#8230;) sont enregistr\u00e9es dans un fichier informatis\u00e9 par <strong>EGENIUS<\/strong> pour le traitement des demandes. Elles ne sont ni c\u00e9d\u00e9es, ni vendues \u00e0 des tiers.<\/p>\n\n\n\n<p>Conform\u00e9ment \u00e0 la loi \u00ab Informatique et Libert\u00e9s \u00bb et au RGPD, vous pouvez exercer vos droits (acc\u00e8s, rectification, suppression) en \u00e9crivant \u00e0 : <strong><a>contact@egenius.fr<\/a><\/strong><\/p>\n\n\n\n<p><strong>Cookies<\/strong> :<br>Le site peut utiliser des cookies \u00e0 des fins statistiques ou de fonctionnement. L\u2019utilisateur peut configurer son navigateur pour refuser les cookies.<\/p>\n\n\n\n<p>Pour en savoir plus sur la gestion de vos donn\u00e9es personnelles, veuillez consulter notre <a href=\"https:\/\/egenius.tech\/?page_id=156\" data-type=\"page\" data-id=\"156\">politique de confidentialit\u00e9<\/a>.<\/p>\n\n\n\n<hr class=\"wp-block-separator has-alpha-channel-opacity\"\/>\n\n\n\n<h5 class=\"wp-block-heading\">6. Responsabilit\u00e9<\/h5>\n\n\n\n<p><strong>EGENIUS<\/strong> met tout en \u0153uvre pour assurer l\u2019exactitude et la mise \u00e0 jour des informations diffus\u00e9es sur le site. Toutefois, elle ne saurait \u00eatre tenue responsable des erreurs ou omissions, ni de l\u2019utilisation qui pourrait \u00eatre faite de ces informations.<\/p>\n\n\n\n<p><\/p>\n","protected":false},"excerpt":{"rendered":"<p>Mentions l\u00e9gales Conform\u00e9ment aux dispositions des articles 6-III et 19 de la Loi n\u00b02004-575 du 21 juin 2004 pour la Confiance dans l&rsquo;\u00e9conomie num\u00e9rique (LCEN), il est port\u00e9 \u00e0 la connaissance des utilisateurs du site les pr\u00e9sentes mentions l\u00e9gales. 1. \u00c9diteur du site Le pr\u00e9sent site est \u00e9dit\u00e9 par :EGENIUSForme juridique :Capital social :Si\u00e8ge social [&hellip;]<\/p>\n","protected":false},"author":1,"featured_media":0,"parent":0,"menu_order":0,"comment_status":"closed","ping_status":"closed","template":"","meta":{"footnotes":""},"class_list":["post-170","page","type-page","status-publish","hentry"],"_links":{"self":[{"href":"https:\/\/egenius.tech\/index.php?rest_route=\/wp\/v2\/pages\/170","targetHints":{"allow":["GET"]}}],"collection":[{"href":"https:\/\/egenius.tech\/index.php?rest_route=\/wp\/v2\/pages"}],"about":[{"href":"https:\/\/egenius.tech\/index.php?rest_route=\/wp\/v2\/types\/page"}],"author":[{"embeddable":true,"href":"https:\/\/egenius.tech\/index.php?rest_route=\/wp\/v2\/users\/1"}],"replies":[{"embeddable":true,"href":"https:\/\/egenius.tech\/index.php?rest_route=%2Fwp%2Fv2%2Fcomments&post=170"}],"version-history":[{"count":8,"href":"https:\/\/egenius.tech\/index.php?rest_route=\/wp\/v2\/pages\/170\/revisions"}],"predecessor-version":[{"id":191,"href":"https:\/\/egenius.tech\/index.php?rest_route=\/wp\/v2\/pages\/170\/revisions\/191"}],"wp:attachment":[{"href":"https:\/\/egenius.tech\/index.php?rest_route=%2Fwp%2Fv2%2Fmedia&parent=170"}],"curies":[{"name":"wp","href":"https:\/\/api.w.org\/{rel}","templated":true}]}}